{"id":876,"date":"2024-06-24T08:11:55","date_gmt":"2024-06-24T08:11:55","guid":{"rendered":"https:\/\/web.fittderma.hu\/?page_id=876"},"modified":"2024-10-14T04:21:53","modified_gmt":"2024-10-14T04:21:53","slug":"kapcsolat","status":"publish","type":"page","link":"https:\/\/web.fittderma.hu\/?page_id=876","title":{"rendered":"Kapcsolat"},"content":{"rendered":"\t\t<div data-elementor-type=\"wp-page\" data-elementor-id=\"876\" class=\"elementor elementor-876\" data-elementor-post-type=\"page\">\n\t\t\t\t\t\t<div class=\"elementor-section elementor-top-section elementor-element elementor-element-180e22ad elementor-section-stretched elementor-section-boxed elementor-section-height-default elementor-section-height-default\" data-id=\"180e22ad\" data-element_type=\"section\" data-settings=\"{&quot;stretch_section&quot;:&quot;section-stretched&quot;,&quot;background_background&quot;:&quot;classic&quot;}\">\n\t\t\t\t\t\t\t<div class=\"elementor-background-overlay\"><\/div>\n\t\t\t\t\t\t\t<div class=\"elementor-container elementor-column-gap-default\">\n\t\t\t\t\t<div class=\"elementor-column elementor-col-100 elementor-top-column elementor-element elementor-element-2a1d934a\" data-id=\"2a1d934a\" data-element_type=\"column\">\n\t\t\t<div class=\"elementor-widget-wrap elementor-element-populated\">\n\t\t\t\t\t\t<div class=\"elementor-element elementor-element-e519bb8 elementor-invisible elementor-widget elementor-widget-heading\" data-id=\"e519bb8\" data-element_type=\"widget\" data-settings=\"{&quot;_animation&quot;:&quot;fadeInDown&quot;}\" data-widget_type=\"heading.default\">\n\t\t\t\t<div class=\"elementor-widget-container\">\n\t\t\t<h1 class=\"elementor-heading-title elementor-size-default\">kapcsolat<\/h1>\t\t<\/div>\n\t\t\t\t<\/div>\n\t\t\t\t<div class=\"elementor-element elementor-element-c7549cd elementor-invisible elementor-widget elementor-widget-text-editor\" data-id=\"c7549cd\" data-element_type=\"widget\" data-settings=\"{&quot;_animation&quot;:&quot;fadeInDown&quot;}\" data-widget_type=\"text-editor.default\">\n\t\t\t\t<div class=\"elementor-widget-container\">\n\t\t\t\t\t\t\t<p>&#8222;Ahol minden kezel\u00e9s egy l\u00e9p\u00e9s, a t\u00f6k\u00e9letess\u00e9g fel\u00e9.&#8221;<\/p>\t\t\t\t\t\t<\/div>\n\t\t\t\t<\/div>\n\t\t\t\t\t<\/div>\n\t\t<\/div>\n\t\t\t\t\t<\/div>\n\t\t<\/div>\n\t\t<div class=\"elementor-element elementor-element-5737c1c e-flex e-con-boxed e-con e-parent\" data-id=\"5737c1c\" data-element_type=\"container\">\n\t\t\t\t\t<div class=\"e-con-inner\">\n\t\t\t\t<div class=\"elementor-element elementor-element-9434650 elementor-widget-divider--view-line elementor-widget elementor-widget-divider\" data-id=\"9434650\" data-element_type=\"widget\" data-widget_type=\"divider.default\">\n\t\t\t\t<div class=\"elementor-widget-container\">\n\t\t\t\t\t<div class=\"elementor-divider\">\n\t\t\t<span class=\"elementor-divider-separator\">\n\t\t\t\t\t\t<\/span>\n\t\t<\/div>\n\t\t\t\t<\/div>\n\t\t\t\t<\/div>\n\t\t\t\t\t<\/div>\n\t\t\t\t<\/div>\n\t\t\t\t<section class=\"elementor-section elementor-top-section elementor-element elementor-element-94fba19 elementor-section-boxed elementor-section-height-default elementor-section-height-default\" data-id=\"94fba19\" data-element_type=\"section\">\n\t\t\t\t\t\t<div class=\"elementor-container elementor-column-gap-default\">\n\t\t\t\t\t<div class=\"elementor-column elementor-col-100 elementor-top-column elementor-element elementor-element-3b3626a\" data-id=\"3b3626a\" data-element_type=\"column\">\n\t\t\t<div class=\"elementor-widget-wrap elementor-element-populated\">\n\t\t\t\t\t\t<section class=\"elementor-section elementor-inner-section elementor-element elementor-element-e4383a9 elementor-section-content-middle elementor-section-boxed elementor-section-height-default elementor-section-height-default\" data-id=\"e4383a9\" data-element_type=\"section\">\n\t\t\t\t\t\t<div class=\"elementor-container elementor-column-gap-wider\">\n\t\t\t\t\t<div class=\"elementor-column elementor-col-50 elementor-inner-column elementor-element elementor-element-6e26ab6\" data-id=\"6e26ab6\" data-element_type=\"column\" data-settings=\"{&quot;background_background&quot;:&quot;classic&quot;}\">\n\t\t\t<div class=\"elementor-widget-wrap elementor-element-populated\">\n\t\t\t\t\t\t<div class=\"elementor-element elementor-element-33830b7 elementor-widget elementor-widget-heading\" data-id=\"33830b7\" data-element_type=\"widget\" data-widget_type=\"heading.default\">\n\t\t\t\t<div class=\"elementor-widget-container\">\n\t\t\t<h5 class=\"elementor-heading-title elementor-size-default\">KEZEL\u00c9S, VIZSG\u00c1LAT LEMOND\u00c1SA<\/h5>\t\t<\/div>\n\t\t\t\t<\/div>\n\t\t\t\t<div class=\"elementor-element elementor-element-dd529b0 elementor-widget elementor-widget-text-editor\" data-id=\"dd529b0\" data-element_type=\"widget\" data-widget_type=\"text-editor.default\">\n\t\t\t\t<div class=\"elementor-widget-container\">\n\t\t\t\t\t\t\t<p>A kezel\u00e9s vagy vizsg\u00e1lat lemond\u00e1sa ingyenes, ha 24 \u00f3r\u00e1val a foglalt id\u0151pont el\u0151tt t\u00f6rt\u00e9nik.<\/p><p>Lemond\u00e1s m\u00f3djai<\/p><p><strong>Elektronikusan:<\/strong> dr.harsanyi.emese@gmail.com<\/p><p><strong>Telefonon:<\/strong> 0670 \/ 5316 &#8211; 210<\/p>\t\t\t\t\t\t<\/div>\n\t\t\t\t<\/div>\n\t\t\t\t\t<\/div>\n\t\t<\/div>\n\t\t\t\t<div class=\"elementor-column elementor-col-50 elementor-inner-column elementor-element elementor-element-4842354\" data-id=\"4842354\" data-element_type=\"column\">\n\t\t\t<div class=\"elementor-widget-wrap elementor-element-populated\">\n\t\t\t\t\t\t<div class=\"elementor-element elementor-element-a881507 elementor-invisible elementor-widget elementor-widget-heading\" data-id=\"a881507\" data-element_type=\"widget\" data-settings=\"{&quot;_animation&quot;:&quot;fadeInDown&quot;}\" data-widget_type=\"heading.default\">\n\t\t\t\t<div class=\"elementor-widget-container\">\n\t\t\t<h2 class=\"elementor-heading-title elementor-size-default\">kapcsolat felv\u00e9tel<\/h2>\t\t<\/div>\n\t\t\t\t<\/div>\n\t\t\t\t<div class=\"elementor-element elementor-element-8a8c46d elementor-invisible elementor-widget elementor-widget-heading\" data-id=\"8a8c46d\" data-element_type=\"widget\" data-settings=\"{&quot;_animation&quot;:&quot;fadeInDown&quot;}\" data-widget_type=\"heading.default\">\n\t\t\t\t<div class=\"elementor-widget-container\">\n\t\t\t<h2 class=\"elementor-heading-title elementor-size-default\">Szak\u00e9rt\u0151 koll\u00e9g\u00e1ink a k\u00f6vetkez\u0151 24 \u00f3r\u00e1ban felveszik \u00d6nnel a kapcsolatot, \u00e9s seg\u00edtenek a legmegfelel\u0151bb kezel\u00e9s kiv\u00e1laszt\u00e1s\u00e1ban.<\/h2>\t\t<\/div>\n\t\t\t\t<\/div>\n\t\t\t\t<div class=\"elementor-element elementor-element-7b754ab elementor-button-align-stretch elementor-widget elementor-widget-form\" data-id=\"7b754ab\" data-element_type=\"widget\" data-settings=\"{&quot;step_next_label&quot;:&quot;K\\u00f6vetkez\\u0151&quot;,&quot;step_previous_label&quot;:&quot;El\\u0151z\\u0151&quot;,&quot;step_type&quot;:&quot;number_text&quot;,&quot;step_icon_shape&quot;:&quot;circle&quot;}\" data-widget_type=\"form.default\">\n\t\t\t\t<div class=\"elementor-widget-container\">\n\t\t\t\t\t<form class=\"elementor-form\" method=\"post\" name=\"New Form\">\n\t\t\t<input type=\"hidden\" name=\"post_id\" value=\"876\"\/>\n\t\t\t<input type=\"hidden\" name=\"form_id\" value=\"7b754ab\"\/>\n\t\t\t<input type=\"hidden\" name=\"referer_title\" value=\"Fittderma\" \/>\n\n\t\t\t\n\t\t\t<div class=\"elementor-form-fields-wrapper elementor-labels-above\">\n\t\t\t\t\t\t\t\t<div class=\"elementor-field-type-text elementor-field-group elementor-column elementor-field-group-email elementor-col-50 elementor-field-required\">\n\t\t\t\t\t\t\t\t\t\t\t\t\t<input size=\"1\" type=\"text\" name=\"form_fields[email]\" id=\"form-field-email\" class=\"elementor-field elementor-size-md  elementor-field-textual\" placeholder=\"Vezet\u00e9kn\u00e9v\" required=\"required\" aria-required=\"true\">\n\t\t\t\t\t\t\t\t\t\t\t<\/div>\n\t\t\t\t\t\t\t\t<div class=\"elementor-field-type-text elementor-field-group elementor-column elementor-field-group-3f7ac8e elementor-col-50 elementor-field-required\">\n\t\t\t\t\t\t\t\t\t\t\t\t\t<input size=\"1\" type=\"text\" name=\"form_fields[3f7ac8e]\" id=\"form-field-3f7ac8e\" class=\"elementor-field elementor-size-md  elementor-field-textual\" placeholder=\"Keresztn\u00e9v\" required=\"required\" aria-required=\"true\">\n\t\t\t\t\t\t\t\t\t\t\t<\/div>\n\t\t\t\t\t\t\t\t<div class=\"elementor-field-type-email elementor-field-group elementor-column elementor-field-group-e70080f elementor-col-50 elementor-field-required\">\n\t\t\t\t\t\t\t\t\t\t\t\t\t<input size=\"1\" type=\"email\" name=\"form_fields[e70080f]\" id=\"form-field-e70080f\" class=\"elementor-field elementor-size-md  elementor-field-textual\" placeholder=\" E-mail\" required=\"required\" aria-required=\"true\">\n\t\t\t\t\t\t\t\t\t\t\t<\/div>\n\t\t\t\t\t\t\t\t<div class=\"elementor-field-type-text elementor-field-group elementor-column elementor-field-group-a580e33 elementor-col-50 elementor-field-required\">\n\t\t\t\t\t\t\t\t\t\t\t\t\t<input size=\"1\" type=\"text\" name=\"form_fields[a580e33]\" id=\"form-field-a580e33\" class=\"elementor-field elementor-size-md  elementor-field-textual\" placeholder=\"Telefon\" required=\"required\" aria-required=\"true\">\n\t\t\t\t\t\t\t\t\t\t\t<\/div>\n\t\t\t\t\t\t\t\t<div class=\"elementor-field-type-textarea elementor-field-group elementor-column elementor-field-group-70146e9 elementor-col-100 elementor-field-required\">\n\t\t\t\t\t<textarea class=\"elementor-field-textual elementor-field  elementor-size-md\" name=\"form_fields[70146e9]\" id=\"form-field-70146e9\" rows=\"4\" placeholder=\"\u00dczenet\" required=\"required\" aria-required=\"true\"><\/textarea>\t\t\t\t<\/div>\n\t\t\t\t\t\t\t\t<div class=\"elementor-field-type-acceptance elementor-field-group elementor-column elementor-field-group-field_13e40a0 elementor-col-100\">\n\t\t\t\t\t\t\t\t\t\t\t\t<label for=\"form-field-field_13e40a0\" class=\"elementor-field-label\">\n\t\t\t\t\t\t\t\tAdatv\u00e9delmi nyilatkozat elfogad\u00e1sa\t\t\t\t\t\t\t<\/label>\n\t\t\t\t\t\t\t\t<div class=\"elementor-field-subgroup\">\n\t\t\t<span class=\"elementor-field-option\">\n\t\t\t\t<input type=\"checkbox\" name=\"form_fields[field_13e40a0]\" id=\"form-field-field_13e40a0\" class=\"elementor-field elementor-size-md  elementor-acceptance-field\">\n\t\t\t\t\t\t\t<\/span>\n\t\t<\/div>\n\t\t\t\t\t\t<\/div>\n\t\t\t\t\t\t\t\t<div class=\"elementor-field-group elementor-column elementor-field-type-submit elementor-col-100 e-form__buttons\">\n\t\t\t\t\t<button class=\"elementor-button elementor-size-md elementor-animation-float\" type=\"submit\">\n\t\t\t\t\t\t<span class=\"elementor-button-content-wrapper\">\n\t\t\t\t\t\t\t\t\t\t\t\t\t\t\t\t\t\t\t\t\t\t<span class=\"elementor-button-text\">\u00dczenet k\u00fcld\u00e9se<\/span>\n\t\t\t\t\t\t\t\t\t\t\t\t\t<\/span>\n\t\t\t\t\t<\/button>\n\t\t\t\t<\/div>\n\t\t\t<\/div>\n\t\t<\/form>\n\t\t\t\t<\/div>\n\t\t\t\t<\/div>\n\t\t\t\t\t<\/div>\n\t\t<\/div>\n\t\t\t\t\t<\/div>\n\t\t<\/section>\n\t\t\t\t\t<\/div>\n\t\t<\/div>\n\t\t\t\t\t<\/div>\n\t\t<\/section>\n\t\t\t\t<\/div>\n\t\t","protected":false},"excerpt":{"rendered":"<p>kapcsolat &#8222;Ahol minden kezel\u00e9s egy l\u00e9p\u00e9s, a t\u00f6k\u00e9letess\u00e9g fel\u00e9.&#8221; KEZEL\u00c9S, VIZSG\u00c1LAT LEMOND\u00c1SA A kezel\u00e9s vagy vizsg\u00e1lat lemond\u00e1sa ingyenes, ha 24 \u00f3r\u00e1val a foglalt id\u0151pont el\u0151tt t\u00f6rt\u00e9nik. Lemond\u00e1s m\u00f3djai Elektronikusan: dr.harsanyi.emese@gmail.com Telefonon: 0670 \/ 5316 &#8211; 210 kapcsolat felv\u00e9tel Szak\u00e9rt\u0151 koll\u00e9g\u00e1ink a k\u00f6vetkez\u0151 24 \u00f3r\u00e1ban felveszik \u00d6nnel a kapcsolatot, \u00e9s seg\u00edtenek a legmegfelel\u0151bb kezel\u00e9s kiv\u00e1laszt\u00e1s\u00e1ban.<\/p>\n","protected":false},"author":2,"featured_media":0,"parent":0,"menu_order":0,"comment_status":"closed","ping_status":"closed","template":"elementor_header_footer","meta":{"footnotes":""},"class_list":["post-876","page","type-page","status-publish","hentry"],"yoast_head":"<!-- This site is optimized with the Yoast SEO plugin v23.6 - https:\/\/yoast.com\/wordpress\/plugins\/seo\/ -->\n<title>Kapcsolat - Fittderma<\/title>\n<meta name=\"robots\" content=\"index, follow, max-snippet:-1, max-image-preview:large, max-video-preview:-1\" \/>\n<link rel=\"canonical\" href=\"https:\/\/web.fittderma.hu\/?page_id=876\" \/>\n<meta property=\"og:locale\" content=\"hu_HU\" \/>\n<meta property=\"og:type\" content=\"article\" \/>\n<meta property=\"og:title\" content=\"Kapcsolat - Fittderma\" \/>\n<meta property=\"og:description\" content=\"kapcsolat &#8222;Ahol minden kezel\u00e9s egy l\u00e9p\u00e9s, a t\u00f6k\u00e9letess\u00e9g fel\u00e9.&#8221; KEZEL\u00c9S, VIZSG\u00c1LAT LEMOND\u00c1SA A kezel\u00e9s vagy vizsg\u00e1lat lemond\u00e1sa ingyenes, ha 24 \u00f3r\u00e1val a foglalt id\u0151pont el\u0151tt t\u00f6rt\u00e9nik. Lemond\u00e1s m\u00f3djai Elektronikusan: dr.harsanyi.emese@gmail.com Telefonon: 0670 \/ 5316 &#8211; 210 kapcsolat felv\u00e9tel Szak\u00e9rt\u0151 koll\u00e9g\u00e1ink a k\u00f6vetkez\u0151 24 \u00f3r\u00e1ban felveszik \u00d6nnel a kapcsolatot, \u00e9s seg\u00edtenek a legmegfelel\u0151bb kezel\u00e9s kiv\u00e1laszt\u00e1s\u00e1ban.\" \/>\n<meta property=\"og:url\" content=\"https:\/\/web.fittderma.hu\/?page_id=876\" \/>\n<meta property=\"og:site_name\" content=\"Fittderma\" \/>\n<meta property=\"article:modified_time\" content=\"2024-10-14T04:21:53+00:00\" \/>\n<meta name=\"twitter:card\" content=\"summary_large_image\" \/>\n<meta name=\"twitter:label1\" content=\"Becs\u00fclt olvas\u00e1si id\u0151\" \/>\n\t<meta name=\"twitter:data1\" content=\"1 perc\" \/>\n<script type=\"application\/ld+json\" class=\"yoast-schema-graph\">{\"@context\":\"https:\/\/schema.org\",\"@graph\":[{\"@type\":\"WebPage\",\"@id\":\"https:\/\/web.fittderma.hu\/?page_id=876\",\"url\":\"https:\/\/web.fittderma.hu\/?page_id=876\",\"name\":\"Kapcsolat - Fittderma\",\"isPartOf\":{\"@id\":\"https:\/\/web.fittderma.hu\/#website\"},\"datePublished\":\"2024-06-24T08:11:55+00:00\",\"dateModified\":\"2024-10-14T04:21:53+00:00\",\"breadcrumb\":{\"@id\":\"https:\/\/web.fittderma.hu\/?page_id=876#breadcrumb\"},\"inLanguage\":\"hu\",\"potentialAction\":[{\"@type\":\"ReadAction\",\"target\":[\"https:\/\/web.fittderma.hu\/?page_id=876\"]}]},{\"@type\":\"BreadcrumbList\",\"@id\":\"https:\/\/web.fittderma.hu\/?page_id=876#breadcrumb\",\"itemListElement\":[{\"@type\":\"ListItem\",\"position\":1,\"name\":\"Kezd\u0151lap\",\"item\":\"https:\/\/web.fittderma.hu\/\"},{\"@type\":\"ListItem\",\"position\":2,\"name\":\"Kapcsolat\"}]},{\"@type\":\"WebSite\",\"@id\":\"https:\/\/web.fittderma.hu\/#website\",\"url\":\"https:\/\/web.fittderma.hu\/\",\"name\":\"Fittderma\",\"description\":\"Fittderma\",\"publisher\":{\"@id\":\"https:\/\/web.fittderma.hu\/#organization\"},\"potentialAction\":[{\"@type\":\"SearchAction\",\"target\":{\"@type\":\"EntryPoint\",\"urlTemplate\":\"https:\/\/web.fittderma.hu\/?s={search_term_string}\"},\"query-input\":{\"@type\":\"PropertyValueSpecification\",\"valueRequired\":true,\"valueName\":\"search_term_string\"}}],\"inLanguage\":\"hu\"},{\"@type\":\"Organization\",\"@id\":\"https:\/\/web.fittderma.hu\/#organization\",\"name\":\"Fittderma\",\"url\":\"https:\/\/web.fittderma.hu\/\",\"logo\":{\"@type\":\"ImageObject\",\"inLanguage\":\"hu\",\"@id\":\"https:\/\/web.fittderma.hu\/#\/schema\/logo\/image\/\",\"url\":\"https:\/\/web.fittderma.hu\/wp-content\/uploads\/2024\/05\/Fittderma_javitott_logo_2024-01.png\",\"contentUrl\":\"https:\/\/web.fittderma.hu\/wp-content\/uploads\/2024\/05\/Fittderma_javitott_logo_2024-01.png\",\"width\":1080,\"height\":279,\"caption\":\"Fittderma\"},\"image\":{\"@id\":\"https:\/\/web.fittderma.hu\/#\/schema\/logo\/image\/\"}}]}<\/script>\n<!-- \/ Yoast SEO plugin. -->","yoast_head_json":{"title":"Kapcsolat - Fittderma","robots":{"index":"index","follow":"follow","max-snippet":"max-snippet:-1","max-image-preview":"max-image-preview:large","max-video-preview":"max-video-preview:-1"},"canonical":"https:\/\/web.fittderma.hu\/?page_id=876","og_locale":"hu_HU","og_type":"article","og_title":"Kapcsolat - Fittderma","og_description":"kapcsolat &#8222;Ahol minden kezel\u00e9s egy l\u00e9p\u00e9s, a t\u00f6k\u00e9letess\u00e9g fel\u00e9.&#8221; KEZEL\u00c9S, VIZSG\u00c1LAT LEMOND\u00c1SA A kezel\u00e9s vagy vizsg\u00e1lat lemond\u00e1sa ingyenes, ha 24 \u00f3r\u00e1val a foglalt id\u0151pont el\u0151tt t\u00f6rt\u00e9nik. Lemond\u00e1s m\u00f3djai Elektronikusan: dr.harsanyi.emese@gmail.com Telefonon: 0670 \/ 5316 &#8211; 210 kapcsolat felv\u00e9tel Szak\u00e9rt\u0151 koll\u00e9g\u00e1ink a k\u00f6vetkez\u0151 24 \u00f3r\u00e1ban felveszik \u00d6nnel a kapcsolatot, \u00e9s seg\u00edtenek a legmegfelel\u0151bb kezel\u00e9s kiv\u00e1laszt\u00e1s\u00e1ban.","og_url":"https:\/\/web.fittderma.hu\/?page_id=876","og_site_name":"Fittderma","article_modified_time":"2024-10-14T04:21:53+00:00","twitter_card":"summary_large_image","twitter_misc":{"Becs\u00fclt olvas\u00e1si id\u0151":"1 perc"},"schema":{"@context":"https:\/\/schema.org","@graph":[{"@type":"WebPage","@id":"https:\/\/web.fittderma.hu\/?page_id=876","url":"https:\/\/web.fittderma.hu\/?page_id=876","name":"Kapcsolat - Fittderma","isPartOf":{"@id":"https:\/\/web.fittderma.hu\/#website"},"datePublished":"2024-06-24T08:11:55+00:00","dateModified":"2024-10-14T04:21:53+00:00","breadcrumb":{"@id":"https:\/\/web.fittderma.hu\/?page_id=876#breadcrumb"},"inLanguage":"hu","potentialAction":[{"@type":"ReadAction","target":["https:\/\/web.fittderma.hu\/?page_id=876"]}]},{"@type":"BreadcrumbList","@id":"https:\/\/web.fittderma.hu\/?page_id=876#breadcrumb","itemListElement":[{"@type":"ListItem","position":1,"name":"Kezd\u0151lap","item":"https:\/\/web.fittderma.hu\/"},{"@type":"ListItem","position":2,"name":"Kapcsolat"}]},{"@type":"WebSite","@id":"https:\/\/web.fittderma.hu\/#website","url":"https:\/\/web.fittderma.hu\/","name":"Fittderma","description":"Fittderma","publisher":{"@id":"https:\/\/web.fittderma.hu\/#organization"},"potentialAction":[{"@type":"SearchAction","target":{"@type":"EntryPoint","urlTemplate":"https:\/\/web.fittderma.hu\/?s={search_term_string}"},"query-input":{"@type":"PropertyValueSpecification","valueRequired":true,"valueName":"search_term_string"}}],"inLanguage":"hu"},{"@type":"Organization","@id":"https:\/\/web.fittderma.hu\/#organization","name":"Fittderma","url":"https:\/\/web.fittderma.hu\/","logo":{"@type":"ImageObject","inLanguage":"hu","@id":"https:\/\/web.fittderma.hu\/#\/schema\/logo\/image\/","url":"https:\/\/web.fittderma.hu\/wp-content\/uploads\/2024\/05\/Fittderma_javitott_logo_2024-01.png","contentUrl":"https:\/\/web.fittderma.hu\/wp-content\/uploads\/2024\/05\/Fittderma_javitott_logo_2024-01.png","width":1080,"height":279,"caption":"Fittderma"},"image":{"@id":"https:\/\/web.fittderma.hu\/#\/schema\/logo\/image\/"}}]}},"_links":{"self":[{"href":"https:\/\/web.fittderma.hu\/index.php?rest_route=\/wp\/v2\/pages\/876","targetHints":{"allow":["GET"]}}],"collection":[{"href":"https:\/\/web.fittderma.hu\/index.php?rest_route=\/wp\/v2\/pages"}],"about":[{"href":"https:\/\/web.fittderma.hu\/index.php?rest_route=\/wp\/v2\/types\/page"}],"author":[{"embeddable":true,"href":"https:\/\/web.fittderma.hu\/index.php?rest_route=\/wp\/v2\/users\/2"}],"replies":[{"embeddable":true,"href":"https:\/\/web.fittderma.hu\/index.php?rest_route=%2Fwp%2Fv2%2Fcomments&post=876"}],"version-history":[{"count":226,"href":"https:\/\/web.fittderma.hu\/index.php?rest_route=\/wp\/v2\/pages\/876\/revisions"}],"predecessor-version":[{"id":3395,"href":"https:\/\/web.fittderma.hu\/index.php?rest_route=\/wp\/v2\/pages\/876\/revisions\/3395"}],"wp:attachment":[{"href":"https:\/\/web.fittderma.hu\/index.php?rest_route=%2Fwp%2Fv2%2Fmedia&parent=876"}],"curies":[{"name":"wp","href":"https:\/\/api.w.org\/{rel}","templated":true}]}}